{"id":30034,"date":"2023-09-15T14:50:57","date_gmt":"2023-09-15T12:50:57","guid":{"rendered":"https:\/\/museeduski.ch\/veranstaltungen\/"},"modified":"2024-03-15T16:53:58","modified_gmt":"2024-03-15T15:53:58","slug":"veranstaltungen","status":"publish","type":"page","link":"https:\/\/museeduski.ch\/de\/veranstaltungen\/","title":{"rendered":"Veranstaltungen"},"content":{"rendered":"\t\t<div data-elementor-type=\"wp-page\" data-elementor-id=\"30034\" class=\"elementor elementor-30034 elementor-29315\" data-elementor-post-type=\"page\">\n\t\t\t\t\t\t\t<div class=\"elementor-element elementor-element-13735955 e-con-full e-flex e-con e-parent\" data-id=\"13735955\" data-element_type=\"container\" data-settings=\"{&quot;content_width&quot;:&quot;full&quot;,&quot;container_type&quot;:&quot;flex&quot;}\" data-core-v316-plus=\"true\">\n\t\t<div class=\"elementor-element elementor-element-6a98d731 e-con-full e-flex e-con e-child\" data-id=\"6a98d731\" data-element_type=\"container\" data-settings=\"{&quot;content_width&quot;:&quot;full&quot;,&quot;background_background&quot;:&quot;classic&quot;,&quot;container_type&quot;:&quot;flex&quot;}\" data-e-bg-lazyload=\"\">\n\t\t\t\t<\/div>\n\t\t\t\t<\/div>\n\t\t<div class=\"elementor-element elementor-element-44884336 e-con-full e-flex e-con e-parent\" data-id=\"44884336\" data-element_type=\"container\" data-settings=\"{&quot;content_width&quot;:&quot;full&quot;,&quot;container_type&quot;:&quot;flex&quot;}\" data-core-v316-plus=\"true\">\n\t\t<div class=\"elementor-element elementor-element-1e79f431 e-con-full e-flex e-con e-child\" data-id=\"1e79f431\" data-element_type=\"container\" data-settings=\"{&quot;content_width&quot;:&quot;full&quot;,&quot;container_type&quot;:&quot;flex&quot;}\">\n\t\t\t\t<div class=\"elementor-element elementor-element-61979b4a elementor-widget elementor-widget-heading\" data-id=\"61979b4a\" data-element_type=\"widget\" data-widget_type=\"heading.default\">\n\t\t\t\t<div class=\"elementor-widget-container\">\n\t\t\t<style>\/*! elementor - v3.16.0 - 20-09-2023 *\/\n.elementor-heading-title{padding:0;margin:0;line-height:1}.elementor-widget-heading .elementor-heading-title[class*=elementor-size-]>a{color:inherit;font-size:inherit;line-height:inherit}.elementor-widget-heading .elementor-heading-title.elementor-size-small{font-size:15px}.elementor-widget-heading .elementor-heading-title.elementor-size-medium{font-size:19px}.elementor-widget-heading .elementor-heading-title.elementor-size-large{font-size:29px}.elementor-widget-heading .elementor-heading-title.elementor-size-xl{font-size:39px}.elementor-widget-heading .elementor-heading-title.elementor-size-xxl{font-size:59px}<\/style><h2 class=\"elementor-heading-title elementor-size-default\">Veranstaltungen<\/h2>\t\t<\/div>\n\t\t\t\t<\/div>\n\t\t\t\t<div class=\"elementor-element elementor-element-e9c41d2 elementor-widget elementor-widget-spacer\" data-id=\"e9c41d2\" data-element_type=\"widget\" data-widget_type=\"spacer.default\">\n\t\t\t\t<div class=\"elementor-widget-container\">\n\t\t\t<style>\/*! elementor - v3.16.0 - 20-09-2023 *\/\n.elementor-column .elementor-spacer-inner{height:var(--spacer-size)}.e-con{--container-widget-width:100%}.e-con-inner>.elementor-widget-spacer,.e-con>.elementor-widget-spacer{width:var(--container-widget-width,var(--spacer-size));--align-self:var(--container-widget-align-self,initial);--flex-shrink:0}.e-con-inner>.elementor-widget-spacer>.elementor-widget-container,.e-con>.elementor-widget-spacer>.elementor-widget-container{height:100%;width:100%}.e-con-inner>.elementor-widget-spacer>.elementor-widget-container>.elementor-spacer,.e-con>.elementor-widget-spacer>.elementor-widget-container>.elementor-spacer{height:100%}.e-con-inner>.elementor-widget-spacer>.elementor-widget-container>.elementor-spacer>.elementor-spacer-inner,.e-con>.elementor-widget-spacer>.elementor-widget-container>.elementor-spacer>.elementor-spacer-inner{height:var(--container-widget-height,var(--spacer-size))}.e-con-inner>.elementor-widget-spacer.elementor-widget-empty,.e-con>.elementor-widget-spacer.elementor-widget-empty{position:relative;min-height:22px;min-width:22px}.e-con-inner>.elementor-widget-spacer.elementor-widget-empty .elementor-widget-empty-icon,.e-con>.elementor-widget-spacer.elementor-widget-empty .elementor-widget-empty-icon{position:absolute;top:0;bottom:0;left:0;right:0;margin:auto;padding:0;width:22px;height:22px}<\/style>\t\t<div class=\"elementor-spacer\">\n\t\t\t<div class=\"elementor-spacer-inner\"><\/div>\n\t\t<\/div>\n\t\t\t\t<\/div>\n\t\t\t\t<\/div>\n\t\t\t\t<div class=\"elementor-element elementor-element-18c5a5bf elementor-widget elementor-widget-heading\" data-id=\"18c5a5bf\" data-element_type=\"widget\" data-widget_type=\"heading.default\">\n\t\t\t\t<div class=\"elementor-widget-container\">\n\t\t\t<h2 class=\"elementor-heading-title elementor-size-default\">Er\u00f6ffnung des Skimuseums<\/h2>\t\t<\/div>\n\t\t\t\t<\/div>\n\t\t\t\t<\/div>\n\t\t<div class=\"elementor-element elementor-element-28660ffd e-con-full e-flex e-con e-child\" data-id=\"28660ffd\" data-element_type=\"container\" data-settings=\"{&quot;content_width&quot;:&quot;full&quot;,&quot;container_type&quot;:&quot;flex&quot;}\">\n\t\t\t\t<div class=\"elementor-element elementor-element-71255b73 elementor-widget elementor-widget-text-editor\" data-id=\"71255b73\" data-element_type=\"widget\" data-widget_type=\"text-editor.default\">\n\t\t\t\t<div class=\"elementor-widget-container\">\n\t\t\t<style>\/*! elementor - v3.16.0 - 20-09-2023 *\/\n.elementor-widget-text-editor.elementor-drop-cap-view-stacked .elementor-drop-cap{background-color:#69727d;color:#fff}.elementor-widget-text-editor.elementor-drop-cap-view-framed .elementor-drop-cap{color:#69727d;border:3px solid;background-color:transparent}.elementor-widget-text-editor:not(.elementor-drop-cap-view-default) .elementor-drop-cap{margin-top:8px}.elementor-widget-text-editor:not(.elementor-drop-cap-view-default) .elementor-drop-cap-letter{width:1em;height:1em}.elementor-widget-text-editor .elementor-drop-cap{float:left;text-align:center;line-height:1;font-size:50px}.elementor-widget-text-editor .elementor-drop-cap-letter{display:inline-block}<\/style>\t\t\t\t<p>Das Skimuseum \u00f6ffnete am Samstag, den 30. September 2023, seine T\u00fcren f\u00fcr die \u00d6ffentlichkeit. Dort werden zwei Ausstellungen pr\u00e4sentiert: \u00abAuf den historischen Spuren des Skisports\u00bb und \u00abMit Schuss aufs Podest: Skisport heute\u00bb.<\/p>\t\t\t\t\t\t<\/div>\n\t\t\t\t<\/div>\n\t\t\t\t<\/div>\n\t\t\t\t<\/div>\n\t\t<div class=\"elementor-element elementor-element-295a0f4a e-con-full e-flex e-con e-parent\" data-id=\"295a0f4a\" data-element_type=\"container\" data-settings=\"{&quot;content_width&quot;:&quot;full&quot;,&quot;container_type&quot;:&quot;flex&quot;}\" data-core-v316-plus=\"true\">\n\t\t<div class=\"elementor-element elementor-element-37d17d9 e-con-full e-flex e-con e-child\" data-id=\"37d17d9\" data-element_type=\"container\" data-settings=\"{&quot;content_width&quot;:&quot;full&quot;,&quot;container_type&quot;:&quot;flex&quot;}\">\n\t\t\t\t<div class=\"elementor-element elementor-element-a6f72c7 elementor-widget__width-initial elementor-grid-3 elementor-grid-tablet-2 elementor-grid-mobile-1 elementor-widget elementor-widget-loop-grid\" data-id=\"a6f72c7\" data-element_type=\"widget\" data-settings=\"{&quot;template_id&quot;:29481,&quot;_skin&quot;:&quot;post&quot;,&quot;columns&quot;:&quot;3&quot;,&quot;columns_tablet&quot;:&quot;2&quot;,&quot;columns_mobile&quot;:&quot;1&quot;,&quot;edit_handle_selector&quot;:&quot;[data-elementor-type=\\&quot;loop-item\\&quot;]&quot;,&quot;row_gap&quot;:{&quot;unit&quot;:&quot;px&quot;,&quot;size&quot;:&quot;&quot;,&quot;sizes&quot;:[]},&quot;row_gap_tablet&quot;:{&quot;unit&quot;:&quot;px&quot;,&quot;size&quot;:&quot;&quot;,&quot;sizes&quot;:[]},&quot;row_gap_mobile&quot;:{&quot;unit&quot;:&quot;px&quot;,&quot;size&quot;:&quot;&quot;,&quot;sizes&quot;:[]}}\" data-widget_type=\"loop-grid.post\">\n\t\t\t\t<div class=\"elementor-widget-container\">\n\t\t\t<link rel=\"stylesheet\" href=\"https:\/\/museeduski.ch\/wp-content\/plugins\/elementor-pro\/assets\/css\/widget-loop-builder.min.css\">\t\t<div class=\"elementor-loop-container elementor-grid\">\n\t\t<style id=\"loop-29481\">.elementor-29481 .elementor-element.elementor-element-17e378e{--display:flex;--flex-direction:column;--container-widget-width:100%;--container-widget-height:initial;--container-widget-flex-grow:0;--container-widget-align-self:initial;--background-transition:0.3s;--padding-block-start:0px;--padding-block-end:0px;--padding-inline-start:0px;--padding-inline-end:0px;}.elementor-29481 .elementor-element.elementor-element-4ecbfa8 .elementor-heading-title{color:var( --e-global-color-secondary );font-size:var( --e-global-typography-ae47878-font-size );font-weight:var( --e-global-typography-ae47878-font-weight );line-height:var( --e-global-typography-ae47878-line-height );letter-spacing:var( --e-global-typography-ae47878-letter-spacing );word-spacing:var( --e-global-typography-ae47878-word-spacing );}@media(max-width:1024px){.elementor-29481 .elementor-element.elementor-element-4ecbfa8 .elementor-heading-title{font-size:var( --e-global-typography-ae47878-font-size );line-height:var( --e-global-typography-ae47878-line-height );letter-spacing:var( --e-global-typography-ae47878-letter-spacing );word-spacing:var( --e-global-typography-ae47878-word-spacing );}}@media(max-width:767px){.elementor-29481 .elementor-element.elementor-element-4ecbfa8 .elementor-heading-title{font-size:var( --e-global-typography-ae47878-font-size );line-height:var( --e-global-typography-ae47878-line-height );letter-spacing:var( --e-global-typography-ae47878-letter-spacing );word-spacing:var( --e-global-typography-ae47878-word-spacing );}}<\/style>\t\t<div data-elementor-type=\"loop-item\" data-elementor-id=\"29481\" class=\"elementor elementor-29481 e-loop-item e-loop-item-31212 post-31212 evenements type-evenements status-publish has-post-thumbnail hentry\" data-elementor-post-type=\"elementor_library\" data-custom-edit-handle=\"1\">\n\t\t\t\t\t\t<div class=\"elementor-element elementor-element-17e378e e-flex e-con-boxed e-con e-parent\" data-id=\"17e378e\" data-element_type=\"container\" data-settings=\"{&quot;container_type&quot;:&quot;flex&quot;,&quot;content_width&quot;:&quot;boxed&quot;}\" data-core-v316-plus=\"true\">\n\t\t\t\t\t<div class=\"e-con-inner\">\n\t\t\t\t<div class=\"elementor-element elementor-element-70ed2d1 elementor-widget elementor-widget-theme-post-featured-image elementor-widget-image\" data-id=\"70ed2d1\" data-element_type=\"widget\" data-widget_type=\"theme-post-featured-image.default\">\n\t\t\t\t<div class=\"elementor-widget-container\">\n\t\t\t<style>\/*! elementor - v3.16.0 - 20-09-2023 *\/\n.elementor-widget-image{text-align:center}.elementor-widget-image a{display:inline-block}.elementor-widget-image a img[src$=\".svg\"]{width:48px}.elementor-widget-image img{vertical-align:middle;display:inline-block}<\/style>\t\t\t\t\t\t\t\t\t\t\t\t\t<a href=\"https:\/\/museeduski.ch\/de\/expositions-et-evenements\/sonntag-26-april-um-10-uhr-oeffentliche-fuehrung-auf-franzoesisch\/\">\n\t\t\t\t\t\t\t<img loading=\"lazy\" decoding=\"async\" width=\"800\" height=\"1000\" src=\"https:\/\/museeduski.ch\/wp-content\/uploads\/2026\/03\/Samedi-28-mars-2026-a-17h-Visite-guidee-publique-Inscription-par-email-a-info@museeduski.ch-2-819x1024.png\" class=\"attachment-large size-large wp-image-31186\" alt=\"\" srcset=\"https:\/\/museeduski.ch\/wp-content\/uploads\/2026\/03\/Samedi-28-mars-2026-a-17h-Visite-guidee-publique-Inscription-par-email-a-info@museeduski.ch-2-819x1024.png 819w, https:\/\/museeduski.ch\/wp-content\/uploads\/2026\/03\/Samedi-28-mars-2026-a-17h-Visite-guidee-publique-Inscription-par-email-a-info@museeduski.ch-2-240x300.png 240w, https:\/\/museeduski.ch\/wp-content\/uploads\/2026\/03\/Samedi-28-mars-2026-a-17h-Visite-guidee-publique-Inscription-par-email-a-info@museeduski.ch-2-768x960.png 768w, https:\/\/museeduski.ch\/wp-content\/uploads\/2026\/03\/Samedi-28-mars-2026-a-17h-Visite-guidee-publique-Inscription-par-email-a-info@museeduski.ch-2.png 1080w\" sizes=\"auto, (max-width: 800px) 100vw, 800px\" \/>\t\t\t\t\t\t\t\t<\/a>\n\t\t\t\t\t\t\t\t\t\t\t\t\t\t\t<\/div>\n\t\t\t\t<\/div>\n\t\t\t\t<div class=\"elementor-element elementor-element-4ecbfa8 elementor-widget elementor-widget-heading\" data-id=\"4ecbfa8\" data-element_type=\"widget\" data-widget_type=\"heading.default\">\n\t\t\t\t<div class=\"elementor-widget-container\">\n\t\t\t<h2 class=\"elementor-heading-title elementor-size-default\"><a href=\"https:\/\/museeduski.ch\/de\/expositions-et-evenements\/sonntag-26-april-um-10-uhr-oeffentliche-fuehrung-auf-franzoesisch\/\">Sonntag, 26. April, um 10 Uhr: \u00d6ffentliche F\u00fchrung auf Franz\u00f6sisch<\/a><\/h2>\t\t<\/div>\n\t\t\t\t<\/div>\n\t\t\t\t\t<\/div>\n\t\t\t\t<\/div>\n\t\t\t\t\t\t<\/div>\n\t\t\t\t<div data-elementor-type=\"loop-item\" data-elementor-id=\"29481\" class=\"elementor elementor-29481 e-loop-item e-loop-item-31130 post-31130 evenements type-evenements status-publish has-post-thumbnail hentry category-sonderausstellung\" data-elementor-post-type=\"elementor_library\" data-custom-edit-handle=\"1\">\n\t\t\t\t\t\t<div class=\"elementor-element elementor-element-17e378e e-flex e-con-boxed e-con e-parent\" data-id=\"17e378e\" data-element_type=\"container\" data-settings=\"{&quot;container_type&quot;:&quot;flex&quot;,&quot;content_width&quot;:&quot;boxed&quot;}\" data-core-v316-plus=\"true\">\n\t\t\t\t\t<div class=\"e-con-inner\">\n\t\t\t\t<div class=\"elementor-element elementor-element-70ed2d1 elementor-widget elementor-widget-theme-post-featured-image elementor-widget-image\" data-id=\"70ed2d1\" data-element_type=\"widget\" data-widget_type=\"theme-post-featured-image.default\">\n\t\t\t\t<div class=\"elementor-widget-container\">\n\t\t\t\t\t\t\t\t\t\t\t\t\t\t\t\t<a href=\"https:\/\/museeduski.ch\/de\/expositions-et-evenements\/snowboard-ein-neuer-schwung\/\">\n\t\t\t\t\t\t\t<img loading=\"lazy\" decoding=\"async\" width=\"724\" height=\"1024\" src=\"https:\/\/museeduski.ch\/wp-content\/uploads\/2026\/02\/2026_poster-Snowboard-724x1024.jpg\" class=\"attachment-large size-large wp-image-31114\" alt=\"\" srcset=\"https:\/\/museeduski.ch\/wp-content\/uploads\/2026\/02\/2026_poster-Snowboard-724x1024.jpg 724w, https:\/\/museeduski.ch\/wp-content\/uploads\/2026\/02\/2026_poster-Snowboard-212x300.jpg 212w, https:\/\/museeduski.ch\/wp-content\/uploads\/2026\/02\/2026_poster-Snowboard-768x1087.jpg 768w, https:\/\/museeduski.ch\/wp-content\/uploads\/2026\/02\/2026_poster-Snowboard-1085x1536.jpg 1085w, https:\/\/museeduski.ch\/wp-content\/uploads\/2026\/02\/2026_poster-Snowboard.jpg 1252w\" sizes=\"auto, (max-width: 724px) 100vw, 724px\" \/>\t\t\t\t\t\t\t\t<\/a>\n\t\t\t\t\t\t\t\t\t\t\t\t\t\t\t<\/div>\n\t\t\t\t<\/div>\n\t\t\t\t<div class=\"elementor-element elementor-element-4ecbfa8 elementor-widget elementor-widget-heading\" data-id=\"4ecbfa8\" data-element_type=\"widget\" data-widget_type=\"heading.default\">\n\t\t\t\t<div class=\"elementor-widget-container\">\n\t\t\t<h2 class=\"elementor-heading-title elementor-size-default\"><a href=\"https:\/\/museeduski.ch\/de\/expositions-et-evenements\/snowboard-ein-neuer-schwung\/\">Snowboard &#8211; ein neuer Schwung<\/a><\/h2>\t\t<\/div>\n\t\t\t\t<\/div>\n\t\t\t\t\t<\/div>\n\t\t\t\t<\/div>\n\t\t\t\t\t\t<\/div>\n\t\t\t\t<div data-elementor-type=\"loop-item\" data-elementor-id=\"29481\" class=\"elementor elementor-29481 e-loop-item e-loop-item-30074 post-30074 evenements type-evenements status-publish has-post-thumbnail hentry category-dauerausstellung\" data-elementor-post-type=\"elementor_library\" data-custom-edit-handle=\"1\">\n\t\t\t\t\t\t<div class=\"elementor-element elementor-element-17e378e e-flex e-con-boxed e-con e-parent\" data-id=\"17e378e\" data-element_type=\"container\" data-settings=\"{&quot;container_type&quot;:&quot;flex&quot;,&quot;content_width&quot;:&quot;boxed&quot;}\" data-core-v316-plus=\"true\">\n\t\t\t\t\t<div class=\"e-con-inner\">\n\t\t\t\t<div class=\"elementor-element elementor-element-70ed2d1 elementor-widget elementor-widget-theme-post-featured-image elementor-widget-image\" data-id=\"70ed2d1\" data-element_type=\"widget\" data-widget_type=\"theme-post-featured-image.default\">\n\t\t\t\t<div class=\"elementor-widget-container\">\n\t\t\t\t\t\t\t\t\t\t\t\t\t\t\t\t<a href=\"https:\/\/museeduski.ch\/de\/expositions-et-evenements\/auf-den-historischen-spuren-des-skisports\/\">\n\t\t\t\t\t\t\t<img loading=\"lazy\" decoding=\"async\" width=\"725\" height=\"1024\" src=\"https:\/\/museeduski.ch\/wp-content\/uploads\/2023\/09\/musee-de-ski-sur_les_traces_poster-725x1024.jpg\" class=\"attachment-large size-large wp-image-29811\" alt=\"\" srcset=\"https:\/\/museeduski.ch\/wp-content\/uploads\/2023\/09\/musee-de-ski-sur_les_traces_poster-725x1024.jpg 725w, https:\/\/museeduski.ch\/wp-content\/uploads\/2023\/09\/musee-de-ski-sur_les_traces_poster-212x300.jpg 212w, https:\/\/museeduski.ch\/wp-content\/uploads\/2023\/09\/musee-de-ski-sur_les_traces_poster-768x1085.jpg 768w, https:\/\/museeduski.ch\/wp-content\/uploads\/2023\/09\/musee-de-ski-sur_les_traces_poster-1087x1536.jpg 1087w, https:\/\/museeduski.ch\/wp-content\/uploads\/2023\/09\/musee-de-ski-sur_les_traces_poster.jpg 1359w\" sizes=\"auto, (max-width: 725px) 100vw, 725px\" \/>\t\t\t\t\t\t\t\t<\/a>\n\t\t\t\t\t\t\t\t\t\t\t\t\t\t\t<\/div>\n\t\t\t\t<\/div>\n\t\t\t\t<div class=\"elementor-element elementor-element-4ecbfa8 elementor-widget elementor-widget-heading\" data-id=\"4ecbfa8\" data-element_type=\"widget\" data-widget_type=\"heading.default\">\n\t\t\t\t<div class=\"elementor-widget-container\">\n\t\t\t<h2 class=\"elementor-heading-title elementor-size-default\"><a href=\"https:\/\/museeduski.ch\/de\/expositions-et-evenements\/auf-den-historischen-spuren-des-skisports\/\">Auf den historischen Spuren des Skisports<\/a><\/h2>\t\t<\/div>\n\t\t\t\t<\/div>\n\t\t\t\t\t<\/div>\n\t\t\t\t<\/div>\n\t\t\t\t\t\t<\/div>\n\t\t\t\t<\/div>\n\t\t\n\t\t\t\t<\/div>\n\t\t\t\t<\/div>\n\t\t\t\t<\/div>\n\t\t\t\t<\/div>\n\t\t<div class=\"elementor-element elementor-element-183a3b22 e-flex e-con-boxed e-con e-parent\" data-id=\"183a3b22\" data-element_type=\"container\" data-settings=\"{&quot;container_type&quot;:&quot;flex&quot;,&quot;content_width&quot;:&quot;boxed&quot;}\" data-core-v316-plus=\"true\">\n\t\t\t\t\t<div class=\"e-con-inner\">\n\t\t\t\t\t<\/div>\n\t\t\t\t<\/div>\n\t\t\t\t\t\t\t<\/div>\n\t\t","protected":false},"excerpt":{"rendered":"<p>Er\u00f6ffnung des Skimuseums Das Skimuseum \u00f6ffnete am Samstag, den 30. September 2023, seine T\u00fcren f\u00fcr die \u00d6ffentlichkeit. Dort werden zwei Ausstellungen pr\u00e4sentiert: \u00abAuf den historischen Spuren des Skisports\u00bb und \u00abMit Schuss aufs Podest: Skisport heute\u00bb.<\/p>\n","protected":false},"author":1,"featured_media":0,"parent":0,"menu_order":0,"comment_status":"closed","ping_status":"closed","template":"elementor_header_footer","meta":{"footnotes":""},"class_list":["post-30034","page","type-page","status-publish","hentry"],"acf":[],"_links":{"self":[{"href":"https:\/\/museeduski.ch\/de\/wp-json\/wp\/v2\/pages\/30034","targetHints":{"allow":["GET"]}}],"collection":[{"href":"https:\/\/museeduski.ch\/de\/wp-json\/wp\/v2\/pages"}],"about":[{"href":"https:\/\/museeduski.ch\/de\/wp-json\/wp\/v2\/types\/page"}],"author":[{"embeddable":true,"href":"https:\/\/museeduski.ch\/de\/wp-json\/wp\/v2\/users\/1"}],"replies":[{"embeddable":true,"href":"https:\/\/museeduski.ch\/de\/wp-json\/wp\/v2\/comments?post=30034"}],"version-history":[{"count":7,"href":"https:\/\/museeduski.ch\/de\/wp-json\/wp\/v2\/pages\/30034\/revisions"}],"predecessor-version":[{"id":30599,"href":"https:\/\/museeduski.ch\/de\/wp-json\/wp\/v2\/pages\/30034\/revisions\/30599"}],"wp:attachment":[{"href":"https:\/\/museeduski.ch\/de\/wp-json\/wp\/v2\/media?parent=30034"}],"curies":[{"name":"wp","href":"https:\/\/api.w.org\/{rel}","templated":true}]}}