{"id":30062,"date":"2023-09-15T14:52:00","date_gmt":"2023-09-15T12:52:00","guid":{"rendered":"https:\/\/museeduski.ch\/buchung\/"},"modified":"2023-12-13T12:03:06","modified_gmt":"2023-12-13T11:03:06","slug":"buchung","status":"publish","type":"page","link":"https:\/\/museeduski.ch\/de\/buchung\/","title":{"rendered":"Buchung"},"content":{"rendered":"\t\t<div data-elementor-type=\"wp-page\" data-elementor-id=\"30062\" class=\"elementor elementor-30062 elementor-29319\" data-elementor-post-type=\"page\">\n\t\t\t\t\t\t\t<div class=\"elementor-element elementor-element-4b48f8d2 e-con-full e-flex e-con e-parent\" data-id=\"4b48f8d2\" data-element_type=\"container\" data-settings=\"{&quot;content_width&quot;:&quot;full&quot;,&quot;container_type&quot;:&quot;flex&quot;}\" data-core-v316-plus=\"true\">\n\t\t<div class=\"elementor-element elementor-element-3313e0d1 e-con-full e-flex e-con e-child\" data-id=\"3313e0d1\" data-element_type=\"container\" data-settings=\"{&quot;content_width&quot;:&quot;full&quot;,&quot;background_background&quot;:&quot;classic&quot;,&quot;container_type&quot;:&quot;flex&quot;}\" data-e-bg-lazyload=\"\">\n\t\t\t\t<\/div>\n\t\t\t\t<\/div>\n\t\t<div class=\"elementor-element elementor-element-1187be3e e-con-full e-flex e-con e-parent\" data-id=\"1187be3e\" data-element_type=\"container\" data-settings=\"{&quot;content_width&quot;:&quot;full&quot;,&quot;container_type&quot;:&quot;flex&quot;}\" data-core-v316-plus=\"true\">\n\t\t<div class=\"elementor-element elementor-element-38bda44b e-con-full e-flex e-con e-child\" data-id=\"38bda44b\" data-element_type=\"container\" data-settings=\"{&quot;content_width&quot;:&quot;full&quot;,&quot;container_type&quot;:&quot;flex&quot;}\">\n\t\t\t\t<div class=\"elementor-element elementor-element-3cfc8b6c elementor-widget elementor-widget-heading\" data-id=\"3cfc8b6c\" data-element_type=\"widget\" data-widget_type=\"heading.default\">\n\t\t\t\t<div class=\"elementor-widget-container\">\n\t\t\t<style>\/*! elementor - v3.16.0 - 20-09-2023 *\/\n.elementor-heading-title{padding:0;margin:0;line-height:1}.elementor-widget-heading .elementor-heading-title[class*=elementor-size-]>a{color:inherit;font-size:inherit;line-height:inherit}.elementor-widget-heading .elementor-heading-title.elementor-size-small{font-size:15px}.elementor-widget-heading .elementor-heading-title.elementor-size-medium{font-size:19px}.elementor-widget-heading .elementor-heading-title.elementor-size-large{font-size:29px}.elementor-widget-heading .elementor-heading-title.elementor-size-xl{font-size:39px}.elementor-widget-heading .elementor-heading-title.elementor-size-xxl{font-size:59px}<\/style><h2 class=\"elementor-heading-title elementor-size-default\">Buchung<\/h2>\t\t<\/div>\n\t\t\t\t<\/div>\n\t\t\t\t<div class=\"elementor-element elementor-element-29c99fb elementor-widget elementor-widget-spacer\" data-id=\"29c99fb\" data-element_type=\"widget\" data-widget_type=\"spacer.default\">\n\t\t\t\t<div class=\"elementor-widget-container\">\n\t\t\t<style>\/*! elementor - v3.16.0 - 20-09-2023 *\/\n.elementor-column .elementor-spacer-inner{height:var(--spacer-size)}.e-con{--container-widget-width:100%}.e-con-inner>.elementor-widget-spacer,.e-con>.elementor-widget-spacer{width:var(--container-widget-width,var(--spacer-size));--align-self:var(--container-widget-align-self,initial);--flex-shrink:0}.e-con-inner>.elementor-widget-spacer>.elementor-widget-container,.e-con>.elementor-widget-spacer>.elementor-widget-container{height:100%;width:100%}.e-con-inner>.elementor-widget-spacer>.elementor-widget-container>.elementor-spacer,.e-con>.elementor-widget-spacer>.elementor-widget-container>.elementor-spacer{height:100%}.e-con-inner>.elementor-widget-spacer>.elementor-widget-container>.elementor-spacer>.elementor-spacer-inner,.e-con>.elementor-widget-spacer>.elementor-widget-container>.elementor-spacer>.elementor-spacer-inner{height:var(--container-widget-height,var(--spacer-size))}.e-con-inner>.elementor-widget-spacer.elementor-widget-empty,.e-con>.elementor-widget-spacer.elementor-widget-empty{position:relative;min-height:22px;min-width:22px}.e-con-inner>.elementor-widget-spacer.elementor-widget-empty .elementor-widget-empty-icon,.e-con>.elementor-widget-spacer.elementor-widget-empty .elementor-widget-empty-icon{position:absolute;top:0;bottom:0;left:0;right:0;margin:auto;padding:0;width:22px;height:22px}<\/style>\t\t<div class=\"elementor-spacer\">\n\t\t\t<div class=\"elementor-spacer-inner\"><\/div>\n\t\t<\/div>\n\t\t\t\t<\/div>\n\t\t\t\t<\/div>\n\t\t\t\t<div class=\"elementor-element elementor-element-7f3acd75 elementor-widget elementor-widget-heading\" data-id=\"7f3acd75\" data-element_type=\"widget\" data-widget_type=\"heading.default\">\n\t\t\t\t<div class=\"elementor-widget-container\">\n\t\t\t<h2 class=\"elementor-heading-title elementor-size-default\">Online-Tickets<\/h2>\t\t<\/div>\n\t\t\t\t<\/div>\n\t\t\t\t<div class=\"elementor-element elementor-element-f43c1b4 elementor-icon-list--layout-traditional elementor-list-item-link-full_width elementor-widget elementor-widget-icon-list\" data-id=\"f43c1b4\" data-element_type=\"widget\" data-widget_type=\"icon-list.default\">\n\t\t\t\t<div class=\"elementor-widget-container\">\n\t\t\t<link rel=\"stylesheet\" href=\"https:\/\/museeduski.ch\/wp-content\/plugins\/elementor\/assets\/css\/widget-icon-list.min.css\">\t\t<ul class=\"elementor-icon-list-items\">\n\t\t\t\t\t\t\t<li class=\"elementor-icon-list-item\">\n\t\t\t\t\t\t\t\t\t\t\t<a href=\"#visites-guidees-et-groupes\">\n\n\t\t\t\t\t\t\t\t\t\t\t<span class=\"elementor-icon-list-text\">F\u00fchrungen und Gruppenbesuche<\/span>\n\t\t\t\t\t\t\t\t\t\t\t<\/a>\n\t\t\t\t\t\t\t\t\t<\/li>\n\t\t\t\t\t\t\t\t<li class=\"elementor-icon-list-item\">\n\t\t\t\t\t\t\t\t\t\t\t<a href=\"#location-de-salle\">\n\n\t\t\t\t\t\t\t\t\t\t\t<span class=\"elementor-icon-list-text\">Saalmiete<\/span>\n\t\t\t\t\t\t\t\t\t\t\t<\/a>\n\t\t\t\t\t\t\t\t\t<\/li>\n\t\t\t\t\t\t\t\t<li class=\"elementor-icon-list-item\">\n\t\t\t\t\t\t\t\t\t\t\t<a href=\"#aux-alentours\">\n\n\t\t\t\t\t\t\t\t\t\t\t<span class=\"elementor-icon-list-text\">In der Umgebung<\/span>\n\t\t\t\t\t\t\t\t\t\t\t<\/a>\n\t\t\t\t\t\t\t\t\t<\/li>\n\t\t\t\t\t\t<\/ul>\n\t\t\t\t<\/div>\n\t\t\t\t<\/div>\n\t\t\t\t<\/div>\n\t\t<div class=\"elementor-element elementor-element-54fc4547 e-con-full e-flex e-con e-child\" data-id=\"54fc4547\" data-element_type=\"container\" data-settings=\"{&quot;content_width&quot;:&quot;full&quot;,&quot;container_type&quot;:&quot;flex&quot;}\">\n\t\t\t\t<div class=\"elementor-element elementor-element-7da326df elementor-widget elementor-widget-text-editor\" data-id=\"7da326df\" data-element_type=\"widget\" data-widget_type=\"text-editor.default\">\n\t\t\t\t<div class=\"elementor-widget-container\">\n\t\t\t<style>\/*! elementor - v3.16.0 - 20-09-2023 *\/\n.elementor-widget-text-editor.elementor-drop-cap-view-stacked .elementor-drop-cap{background-color:#69727d;color:#fff}.elementor-widget-text-editor.elementor-drop-cap-view-framed .elementor-drop-cap{color:#69727d;border:3px solid;background-color:transparent}.elementor-widget-text-editor:not(.elementor-drop-cap-view-default) .elementor-drop-cap{margin-top:8px}.elementor-widget-text-editor:not(.elementor-drop-cap-view-default) .elementor-drop-cap-letter{width:1em;height:1em}.elementor-widget-text-editor .elementor-drop-cap{float:left;text-align:center;line-height:1;font-size:50px}.elementor-widget-text-editor .elementor-drop-cap-letter{display:inline-block}<\/style>\t\t\t\t<p>Die Eintrittskarten k\u00f6nnen vor Ort im Museum oder direkt online gekauft werden.<\/p>\t\t\t\t\t\t<\/div>\n\t\t\t\t<\/div>\n\t\t\t\t<div class=\"elementor-element elementor-element-bf362f1 elementor-widget elementor-widget-html\" data-id=\"bf362f1\" data-element_type=\"widget\" data-widget_type=\"html.default\">\n\t\t\t\t<div class=\"elementor-widget-container\">\n\t\t\t<script>\nwindow.TWEBSHOP = {\nconfig: 'jura-provider_tds',\nlanguage: 'fr',\ntheme: {\nsticky: {\noffset: 20,\nzIndex: 2\n}\n}\n}\n<\/script>\n\n<style>\n#twebshop {\n--tw-button-color: #bc2967;\n--tw-button-text-color: #fff;\n--tw-button-price-color: #2e921d;\n--tw-button-price-text-color: #fff;\n--tw-box-color: #1d6bb1;\n--tw-box-text-color: #fff;\n--tw-booking-color: #c4c4c4;\n--tw-booking-text-color: #333;\n}\n<\/style>\n<tws-experience-widget data-id=\"TDS00020014467191568\"><\/tws-experience-widget>\n<script src=\"https:\/\/twebshop.tomas-travel.com\/app\/experience\/widget\/app.js\"><\/script>\n\t\t<\/div>\n\t\t\t\t<\/div>\n\t\t\t\t<\/div>\n\t\t\t\t<\/div>\n\t\t<div class=\"elementor-element elementor-element-31909bc9 e-con-full e-flex e-con e-parent\" data-id=\"31909bc9\" data-element_type=\"container\" data-settings=\"{&quot;content_width&quot;:&quot;full&quot;,&quot;container_type&quot;:&quot;flex&quot;}\" data-core-v316-plus=\"true\">\n\t\t<div class=\"elementor-element elementor-element-428a2bb9 e-con-full e-flex e-con e-child\" data-id=\"428a2bb9\" data-element_type=\"container\" id=\"visites-guidees-et-groupes\" data-settings=\"{&quot;content_width&quot;:&quot;full&quot;,&quot;container_type&quot;:&quot;flex&quot;}\">\n\t\t\t\t<div class=\"elementor-element elementor-element-63a9e982 elementor-widget elementor-widget-image\" data-id=\"63a9e982\" data-element_type=\"widget\" data-widget_type=\"image.default\">\n\t\t\t\t<div class=\"elementor-widget-container\">\n\t\t\t<style>\/*! elementor - v3.16.0 - 20-09-2023 *\/\n.elementor-widget-image{text-align:center}.elementor-widget-image a{display:inline-block}.elementor-widget-image a img[src$=\".svg\"]{width:48px}.elementor-widget-image img{vertical-align:middle;display:inline-block}<\/style>\t\t\t\t\t\t\t\t\t\t\t\t<img loading=\"lazy\" decoding=\"async\" width=\"1536\" height=\"1024\" src=\"https:\/\/museeduski.ch\/wp-content\/uploads\/2023\/10\/Visite-guidee-et-groupe-1536x1024.jpg\" class=\"attachment-1536x1536 size-1536x1536 wp-image-29986\" alt=\"\" srcset=\"https:\/\/museeduski.ch\/wp-content\/uploads\/2023\/10\/Visite-guidee-et-groupe-1536x1024.jpg 1536w, https:\/\/museeduski.ch\/wp-content\/uploads\/2023\/10\/Visite-guidee-et-groupe-300x200.jpg 300w, https:\/\/museeduski.ch\/wp-content\/uploads\/2023\/10\/Visite-guidee-et-groupe-1024x683.jpg 1024w, https:\/\/museeduski.ch\/wp-content\/uploads\/2023\/10\/Visite-guidee-et-groupe-768x512.jpg 768w, https:\/\/museeduski.ch\/wp-content\/uploads\/2023\/10\/Visite-guidee-et-groupe-2048x1365.jpg 2048w\" sizes=\"auto, (max-width: 1536px) 100vw, 1536px\" \/>\t\t\t\t\t\t\t\t\t\t\t\t\t\t\t<\/div>\n\t\t\t\t<\/div>\n\t\t<div class=\"elementor-element elementor-element-5e346857 e-flex e-con-boxed e-con e-child\" data-id=\"5e346857\" data-element_type=\"container\" data-settings=\"{&quot;container_type&quot;:&quot;flex&quot;,&quot;content_width&quot;:&quot;boxed&quot;}\">\n\t\t\t\t\t<div class=\"e-con-inner\">\n\t\t\t\t<div class=\"elementor-element elementor-element-2fa48e2c elementor-widget elementor-widget-heading\" data-id=\"2fa48e2c\" data-element_type=\"widget\" data-widget_type=\"heading.default\">\n\t\t\t\t<div class=\"elementor-widget-container\">\n\t\t\t<h2 class=\"elementor-heading-title elementor-size-default\">F\u00fchrungen und Gruppenbesuche<\/h2>\t\t<\/div>\n\t\t\t\t<\/div>\n\t\t\t\t<div class=\"elementor-element elementor-element-10f0f957 elementor-widget elementor-widget-text-editor\" data-id=\"10f0f957\" data-element_type=\"widget\" data-widget_type=\"text-editor.default\">\n\t\t\t\t<div class=\"elementor-widget-container\">\n\t\t\t\t\t\t\t<p>Auf Anfrage werden F\u00fchrungen angeboten. Bitten buchen Sie telefonisch unter <a href=\"tel:+41329612336\">+41 32 961 23 36<\/a> oder per E-Mail an <a href=\"mailto:info@museeduski.ch\">info@museeduski.ch<\/a>..<\/p>\n<p>Gruppen von 10 bis 20 Personen, Dauer: 60 bis 90 Minuten.<\/p>\n<p>Preis: CHF 100.- + Eintritt pro Person<\/p>\n<p>Es ist m\u00f6glich, f\u00fcr Gruppen, Vereine oder Firmen im Anschluss an die F\u00fchrung einen Aperitif zu organisieren.<\/p>\n<p>Besuche von Schulklassen auf Anfrage m\u00f6glich (mit F\u00fchrung oder ohne).<\/p>\n\t\t\t\t\t\t<\/div>\n\t\t\t\t<\/div>\n\t\t\t\t\t<\/div>\n\t\t\t\t<\/div>\n\t\t\t\t<\/div>\n\t\t<div class=\"elementor-element elementor-element-2c77dfd2 e-con-full e-flex e-con e-child\" data-id=\"2c77dfd2\" data-element_type=\"container\" id=\"location-de-salle\" data-settings=\"{&quot;content_width&quot;:&quot;full&quot;,&quot;container_type&quot;:&quot;flex&quot;}\">\n\t\t\t\t<div class=\"elementor-element elementor-element-22e2474 elementor-widget elementor-widget-image\" data-id=\"22e2474\" data-element_type=\"widget\" data-widget_type=\"image.default\">\n\t\t\t\t<div class=\"elementor-widget-container\">\n\t\t\t\t\t\t\t\t\t\t\t\t\t\t\t<img loading=\"lazy\" decoding=\"async\" width=\"1536\" height=\"1024\" src=\"https:\/\/museeduski.ch\/wp-content\/uploads\/2023\/10\/photo-biblio-1536x1024.jpg\" class=\"attachment-1536x1536 size-1536x1536 wp-image-29983\" alt=\"\" srcset=\"https:\/\/museeduski.ch\/wp-content\/uploads\/2023\/10\/photo-biblio-1536x1024.jpg 1536w, https:\/\/museeduski.ch\/wp-content\/uploads\/2023\/10\/photo-biblio-300x200.jpg 300w, https:\/\/museeduski.ch\/wp-content\/uploads\/2023\/10\/photo-biblio-1024x683.jpg 1024w, https:\/\/museeduski.ch\/wp-content\/uploads\/2023\/10\/photo-biblio-768x512.jpg 768w, https:\/\/museeduski.ch\/wp-content\/uploads\/2023\/10\/photo-biblio-2048x1365.jpg 2048w\" sizes=\"auto, (max-width: 1536px) 100vw, 1536px\" \/>\t\t\t\t\t\t\t\t\t\t\t\t\t\t\t<\/div>\n\t\t\t\t<\/div>\n\t\t<div class=\"elementor-element elementor-element-1de7a0da e-flex e-con-boxed e-con e-child\" data-id=\"1de7a0da\" data-element_type=\"container\" data-settings=\"{&quot;container_type&quot;:&quot;flex&quot;,&quot;content_width&quot;:&quot;boxed&quot;}\">\n\t\t\t\t\t<div class=\"e-con-inner\">\n\t\t\t\t<div class=\"elementor-element elementor-element-1c8a6882 elementor-widget elementor-widget-heading\" data-id=\"1c8a6882\" data-element_type=\"widget\" data-widget_type=\"heading.default\">\n\t\t\t\t<div class=\"elementor-widget-container\">\n\t\t\t<h2 class=\"elementor-heading-title elementor-size-default\">Saalmiete<\/h2>\t\t<\/div>\n\t\t\t\t<\/div>\n\t\t\t\t<div class=\"elementor-element elementor-element-1543132a elementor-widget elementor-widget-text-editor\" data-id=\"1543132a\" data-element_type=\"widget\" data-widget_type=\"text-editor.default\">\n\t\t\t\t<div class=\"elementor-widget-container\">\n\t\t\t\t\t\t\t<p>Der Bibliotheksraum kann f\u00fcr Vortr\u00e4ge oder Versammlungen gemietet werden. Audiovisuelle Ger\u00e4te vorhanden.<\/p>\n<p>Weitere Informationen unter <a href=\"tel:+41329612336\">+41 32 961 23 36<\/a> oder <a href=\"mailto:info@museeduski.ch\">info@museeduski.ch<\/a>.<\/p>\n\t\t\t\t\t\t<\/div>\n\t\t\t\t<\/div>\n\t\t\t\t\t<\/div>\n\t\t\t\t<\/div>\n\t\t\t\t<\/div>\n\t\t\t\t<\/div>\n\t\t<div class=\"elementor-element elementor-element-6a746f7d e-con-full e-flex e-con e-parent\" data-id=\"6a746f7d\" data-element_type=\"container\" data-settings=\"{&quot;content_width&quot;:&quot;full&quot;,&quot;container_type&quot;:&quot;flex&quot;}\" data-core-v316-plus=\"true\">\n\t\t<div class=\"elementor-element elementor-element-1989f103 e-con-full e-flex e-con e-child\" data-id=\"1989f103\" data-element_type=\"container\" data-settings=\"{&quot;content_width&quot;:&quot;full&quot;,&quot;background_background&quot;:&quot;classic&quot;,&quot;container_type&quot;:&quot;flex&quot;}\" data-e-bg-lazyload=\"\">\n\t\t\t\t<div class=\"elementor-element elementor-element-3dc6547e elementor-widget elementor-widget-menu-anchor\" data-id=\"3dc6547e\" data-element_type=\"widget\" data-widget_type=\"menu-anchor.default\">\n\t\t\t\t<div class=\"elementor-widget-container\">\n\t\t\t<style>\/*! elementor - v3.16.0 - 20-09-2023 *\/\nbody.elementor-page .elementor-widget-menu-anchor{margin-bottom:0}<\/style>\t\t<div id=\"aux-alentours\" class=\"elementor-menu-anchor\"><\/div>\n\t\t\t\t<\/div>\n\t\t\t\t<\/div>\n\t\t\t\t<\/div>\n\t\t\t\t<\/div>\n\t\t<div class=\"elementor-element elementor-element-3d95f48a e-con-full e-flex e-con e-parent\" data-id=\"3d95f48a\" data-element_type=\"container\" data-settings=\"{&quot;content_width&quot;:&quot;full&quot;,&quot;container_type&quot;:&quot;flex&quot;}\" data-core-v316-plus=\"true\">\n\t\t<div class=\"elementor-element elementor-element-58d372b8 e-con-full e-flex e-con e-child\" data-id=\"58d372b8\" data-element_type=\"container\" data-settings=\"{&quot;content_width&quot;:&quot;full&quot;,&quot;container_type&quot;:&quot;flex&quot;}\">\n\t\t\t\t<div class=\"elementor-element elementor-element-327a82b4 elementor-widget elementor-widget-heading\" data-id=\"327a82b4\" data-element_type=\"widget\" data-widget_type=\"heading.default\">\n\t\t\t\t<div class=\"elementor-widget-container\">\n\t\t\t<h2 class=\"elementor-heading-title elementor-size-default\">In der Umgebung<\/h2>\t\t<\/div>\n\t\t\t\t<\/div>\n\t\t\t\t<\/div>\n\t\t<div class=\"elementor-element elementor-element-710e1685 e-con-full e-flex e-con e-child\" data-id=\"710e1685\" data-element_type=\"container\" data-settings=\"{&quot;content_width&quot;:&quot;full&quot;,&quot;container_type&quot;:&quot;flex&quot;}\">\n\t\t\t\t<div class=\"elementor-element elementor-element-167b190 elementor-widget elementor-widget-text-editor\" data-id=\"167b190\" data-element_type=\"widget\" data-widget_type=\"text-editor.default\">\n\t\t\t\t<div class=\"elementor-widget-container\">\n\t\t\t\t\t\t\t<p>In der Umgebung des Skimuseums auch zu entdecken<\/p><p>Museums :<\/p><p><a href=\"https:\/\/www.paysan-horloger.ch\/fr\">Le Paysan Horloger<\/a><\/p><p><a href=\"https:\/\/www.museedelaboitedemontre.ch\/\">Mus\u00e9e de la bo\u00eete de montre, Le Noirmont<\/a><\/p><p><a href=\"https:\/\/fdfm.ch\/\">Fromagerie des Franches-Montagnes, Le Noirmont<\/a><\/p><p>Restaurants in der Gemeinde Les Bois :<\/p><p><a href=\"https:\/\/www.paysan-horloger.ch\/fr\">Le Paysan Horloger<\/a><\/p><p><a href=\"https:\/\/lalegende.ch\/\">La L\u00e9gende<\/a><\/p><p><a href=\"https:\/\/golflesbois.ch\/restaurant\/au-fil-des-saisons\/\">Le Golf<\/a><\/p><p><a href=\"https:\/\/www.philippos.ch\/fr\/votre-visite\/maison-rouge\">Maison-Rouge<\/a><\/p>\t\t\t\t\t\t<\/div>\n\t\t\t\t<\/div>\n\t\t\t\t<\/div>\n\t\t\t\t<\/div>\n\t\t\t\t\t\t\t<\/div>\n\t\t","protected":false},"excerpt":{"rendered":"<p>Online-Tickets F\u00fchrungen und Gruppenbesuche Saalmiete In der Umgebung Die Eintrittskarten k\u00f6nnen vor Ort im Museum oder direkt online gekauft werden. F\u00fchrungen und Gruppenbesuche Auf Anfrage werden F\u00fchrungen angeboten. Bitten buchen Sie telefonisch unter +41 32 961 23 36 oder per E-Mail an info@museeduski.ch.. Gruppen von 10 bis 20 Personen, Dauer: 60 bis 90 Minuten. Preis: [&hellip;]<\/p>\n","protected":false},"author":1,"featured_media":0,"parent":0,"menu_order":0,"comment_status":"closed","ping_status":"closed","template":"elementor_header_footer","meta":{"footnotes":""},"class_list":["post-30062","page","type-page","status-publish","hentry"],"acf":[],"_links":{"self":[{"href":"https:\/\/museeduski.ch\/de\/wp-json\/wp\/v2\/pages\/30062","targetHints":{"allow":["GET"]}}],"collection":[{"href":"https:\/\/museeduski.ch\/de\/wp-json\/wp\/v2\/pages"}],"about":[{"href":"https:\/\/museeduski.ch\/de\/wp-json\/wp\/v2\/types\/page"}],"author":[{"embeddable":true,"href":"https:\/\/museeduski.ch\/de\/wp-json\/wp\/v2\/users\/1"}],"replies":[{"embeddable":true,"href":"https:\/\/museeduski.ch\/de\/wp-json\/wp\/v2\/comments?post=30062"}],"version-history":[{"count":11,"href":"https:\/\/museeduski.ch\/de\/wp-json\/wp\/v2\/pages\/30062\/revisions"}],"predecessor-version":[{"id":30380,"href":"https:\/\/museeduski.ch\/de\/wp-json\/wp\/v2\/pages\/30062\/revisions\/30380"}],"wp:attachment":[{"href":"https:\/\/museeduski.ch\/de\/wp-json\/wp\/v2\/media?parent=30062"}],"curies":[{"name":"wp","href":"https:\/\/api.w.org\/{rel}","templated":true}]}}