{"id":30046,"date":"2023-09-15T14:51:34","date_gmt":"2023-09-15T12:51:34","guid":{"rendered":"https:\/\/museeduski.ch\/useful-information\/"},"modified":"2026-04-08T15:44:27","modified_gmt":"2026-04-08T13:44:27","slug":"useful-information","status":"publish","type":"page","link":"https:\/\/museeduski.ch\/en\/useful-information\/","title":{"rendered":"Useful information"},"content":{"rendered":"\t\t<div data-elementor-type=\"wp-page\" data-elementor-id=\"30046\" class=\"elementor elementor-30046 elementor-29317\" data-elementor-post-type=\"page\">\n\t\t\t\t\t\t\t<div class=\"elementor-element elementor-element-439d9da9 e-con-full e-flex e-con e-parent\" data-id=\"439d9da9\" data-element_type=\"container\" data-settings=\"{&quot;content_width&quot;:&quot;full&quot;,&quot;container_type&quot;:&quot;flex&quot;}\" data-core-v316-plus=\"true\">\n\t\t<div class=\"elementor-element elementor-element-6eff8c3a e-con-full e-flex e-con e-child\" data-id=\"6eff8c3a\" data-element_type=\"container\" data-settings=\"{&quot;content_width&quot;:&quot;full&quot;,&quot;background_background&quot;:&quot;classic&quot;,&quot;container_type&quot;:&quot;flex&quot;}\" data-e-bg-lazyload=\"\">\n\t\t\t\t<\/div>\n\t\t\t\t<\/div>\n\t\t<div class=\"elementor-element elementor-element-19dd1460 e-con-full e-flex e-con e-parent\" data-id=\"19dd1460\" data-element_type=\"container\" data-settings=\"{&quot;content_width&quot;:&quot;full&quot;,&quot;container_type&quot;:&quot;flex&quot;}\" data-core-v316-plus=\"true\">\n\t\t<div class=\"elementor-element elementor-element-12111ef0 e-con-full e-flex e-con e-child\" data-id=\"12111ef0\" data-element_type=\"container\" data-settings=\"{&quot;content_width&quot;:&quot;full&quot;,&quot;container_type&quot;:&quot;flex&quot;}\">\n\t\t\t\t<div class=\"elementor-element elementor-element-4f75588d elementor-widget elementor-widget-heading\" data-id=\"4f75588d\" data-element_type=\"widget\" data-widget_type=\"heading.default\">\n\t\t\t\t<div class=\"elementor-widget-container\">\n\t\t\t<style>\/*! elementor - v3.16.0 - 20-09-2023 *\/\n.elementor-heading-title{padding:0;margin:0;line-height:1}.elementor-widget-heading .elementor-heading-title[class*=elementor-size-]>a{color:inherit;font-size:inherit;line-height:inherit}.elementor-widget-heading .elementor-heading-title.elementor-size-small{font-size:15px}.elementor-widget-heading .elementor-heading-title.elementor-size-medium{font-size:19px}.elementor-widget-heading .elementor-heading-title.elementor-size-large{font-size:29px}.elementor-widget-heading .elementor-heading-title.elementor-size-xl{font-size:39px}.elementor-widget-heading .elementor-heading-title.elementor-size-xxl{font-size:59px}<\/style><h2 class=\"elementor-heading-title elementor-size-default\">Useful information<\/h2>\t\t<\/div>\n\t\t\t\t<\/div>\n\t\t\t\t<div class=\"elementor-element elementor-element-4dc293c elementor-widget elementor-widget-spacer\" data-id=\"4dc293c\" data-element_type=\"widget\" data-widget_type=\"spacer.default\">\n\t\t\t\t<div class=\"elementor-widget-container\">\n\t\t\t<style>\/*! elementor - v3.16.0 - 20-09-2023 *\/\n.elementor-column .elementor-spacer-inner{height:var(--spacer-size)}.e-con{--container-widget-width:100%}.e-con-inner>.elementor-widget-spacer,.e-con>.elementor-widget-spacer{width:var(--container-widget-width,var(--spacer-size));--align-self:var(--container-widget-align-self,initial);--flex-shrink:0}.e-con-inner>.elementor-widget-spacer>.elementor-widget-container,.e-con>.elementor-widget-spacer>.elementor-widget-container{height:100%;width:100%}.e-con-inner>.elementor-widget-spacer>.elementor-widget-container>.elementor-spacer,.e-con>.elementor-widget-spacer>.elementor-widget-container>.elementor-spacer{height:100%}.e-con-inner>.elementor-widget-spacer>.elementor-widget-container>.elementor-spacer>.elementor-spacer-inner,.e-con>.elementor-widget-spacer>.elementor-widget-container>.elementor-spacer>.elementor-spacer-inner{height:var(--container-widget-height,var(--spacer-size))}.e-con-inner>.elementor-widget-spacer.elementor-widget-empty,.e-con>.elementor-widget-spacer.elementor-widget-empty{position:relative;min-height:22px;min-width:22px}.e-con-inner>.elementor-widget-spacer.elementor-widget-empty .elementor-widget-empty-icon,.e-con>.elementor-widget-spacer.elementor-widget-empty .elementor-widget-empty-icon{position:absolute;top:0;bottom:0;left:0;right:0;margin:auto;padding:0;width:22px;height:22px}<\/style>\t\t<div class=\"elementor-spacer\">\n\t\t\t<div class=\"elementor-spacer-inner\"><\/div>\n\t\t<\/div>\n\t\t\t\t<\/div>\n\t\t\t\t<\/div>\n\t\t\t\t<div class=\"elementor-element elementor-element-7824c298 elementor-widget elementor-widget-heading\" data-id=\"7824c298\" data-element_type=\"widget\" data-widget_type=\"heading.default\">\n\t\t\t\t<div class=\"elementor-widget-container\">\n\t\t\t<h2 class=\"elementor-heading-title elementor-size-default\">Contact<\/h2>\t\t<\/div>\n\t\t\t\t<\/div>\n\t\t\t\t<div class=\"elementor-element elementor-element-78f75a89 elementor-icon-list--layout-traditional elementor-list-item-link-full_width elementor-widget elementor-widget-icon-list\" data-id=\"78f75a89\" data-element_type=\"widget\" data-widget_type=\"icon-list.default\">\n\t\t\t\t<div class=\"elementor-widget-container\">\n\t\t\t<link rel=\"stylesheet\" href=\"https:\/\/museeduski.ch\/wp-content\/plugins\/elementor\/assets\/css\/widget-icon-list.min.css\">\t\t<ul class=\"elementor-icon-list-items\">\n\t\t\t\t\t\t\t<li class=\"elementor-icon-list-item\">\n\t\t\t\t\t\t\t\t\t\t\t<a href=\"#horaires\">\n\n\t\t\t\t\t\t\t\t\t\t\t<span class=\"elementor-icon-list-text\">Opening times<\/span>\n\t\t\t\t\t\t\t\t\t\t\t<\/a>\n\t\t\t\t\t\t\t\t\t<\/li>\n\t\t\t\t\t\t\t\t<li class=\"elementor-icon-list-item\">\n\t\t\t\t\t\t\t\t\t\t\t<a href=\"#tarifs\">\n\n\t\t\t\t\t\t\t\t\t\t\t<span class=\"elementor-icon-list-text\">Prices<\/span>\n\t\t\t\t\t\t\t\t\t\t\t<\/a>\n\t\t\t\t\t\t\t\t\t<\/li>\n\t\t\t\t\t\t\t\t<li class=\"elementor-icon-list-item\">\n\t\t\t\t\t\t\t\t\t\t\t<a href=\"#acces\">\n\n\t\t\t\t\t\t\t\t\t\t\t<span class=\"elementor-icon-list-text\">Getting here<\/span>\n\t\t\t\t\t\t\t\t\t\t\t<\/a>\n\t\t\t\t\t\t\t\t\t<\/li>\n\t\t\t\t\t\t<\/ul>\n\t\t\t\t<\/div>\n\t\t\t\t<\/div>\n\t\t\t\t<\/div>\n\t\t<div class=\"elementor-element elementor-element-5c515663 e-con-full e-flex e-con e-child\" data-id=\"5c515663\" data-element_type=\"container\" data-settings=\"{&quot;content_width&quot;:&quot;full&quot;,&quot;container_type&quot;:&quot;flex&quot;}\">\n\t\t\t\t<div class=\"elementor-element elementor-element-1a7646e1 elementor-widget elementor-widget-heading\" data-id=\"1a7646e1\" data-element_type=\"widget\" data-widget_type=\"heading.default\">\n\t\t\t\t<div class=\"elementor-widget-container\">\n\t\t\t<h2 class=\"elementor-heading-title elementor-size-default\">The museum is opposite the Le Bo\u00e9chet train station. <\/h2>\t\t<\/div>\n\t\t\t\t<\/div>\n\t\t\t\t<div class=\"elementor-element elementor-element-2916d2a6 elementor-widget elementor-widget-text-editor\" data-id=\"2916d2a6\" data-element_type=\"widget\" data-widget_type=\"text-editor.default\">\n\t\t\t\t<div class=\"elementor-widget-container\">\n\t\t\t<style>\/*! elementor - v3.16.0 - 20-09-2023 *\/\n.elementor-widget-text-editor.elementor-drop-cap-view-stacked .elementor-drop-cap{background-color:#69727d;color:#fff}.elementor-widget-text-editor.elementor-drop-cap-view-framed .elementor-drop-cap{color:#69727d;border:3px solid;background-color:transparent}.elementor-widget-text-editor:not(.elementor-drop-cap-view-default) .elementor-drop-cap{margin-top:8px}.elementor-widget-text-editor:not(.elementor-drop-cap-view-default) .elementor-drop-cap-letter{width:1em;height:1em}.elementor-widget-text-editor .elementor-drop-cap{float:left;text-align:center;line-height:1;font-size:50px}.elementor-widget-text-editor .elementor-drop-cap-letter{display:inline-block}<\/style>\t\t\t\t<p>Muse\u0301e du Ski &#8211; Le Boe\u0301chet<\/p><p>Le Boe\u0301chet 12<\/p><p>CH &#8211; 2336 Les Bois<\/p>\t\t\t\t\t\t<\/div>\n\t\t\t\t<\/div>\n\t\t\t\t<div class=\"elementor-element elementor-element-7881ea8 elementor-widget elementor-widget-text-editor\" data-id=\"7881ea8\" data-element_type=\"widget\" data-widget_type=\"text-editor.default\">\n\t\t\t\t<div class=\"elementor-widget-container\">\n\t\t\t\t\t\t\t<p>Te\u0301le\u0301phone: <a href=\"tel:+41329612336\">+41 32 961 23 36<\/a><br \/>\nEmail: <a href=\"mailto:info@museeduski.ch\">info@museeduski.ch<\/a><\/p>\n\t\t\t\t\t\t<\/div>\n\t\t\t\t<\/div>\n\t\t\t\t<div class=\"elementor-element elementor-element-1fe96a2 elementor-widget elementor-widget-menu-anchor\" data-id=\"1fe96a2\" data-element_type=\"widget\" data-widget_type=\"menu-anchor.default\">\n\t\t\t\t<div class=\"elementor-widget-container\">\n\t\t\t<style>\/*! elementor - v3.16.0 - 20-09-2023 *\/\nbody.elementor-page .elementor-widget-menu-anchor{margin-bottom:0}<\/style>\t\t<div id=\"horaires\" class=\"elementor-menu-anchor\"><\/div>\n\t\t\t\t<\/div>\n\t\t\t\t<\/div>\n\t\t\t\t<\/div>\n\t\t\t\t<\/div>\n\t\t<div class=\"elementor-element elementor-element-f279557 e-con-full e-flex e-con e-parent\" data-id=\"f279557\" data-element_type=\"container\" data-settings=\"{&quot;content_width&quot;:&quot;full&quot;,&quot;container_type&quot;:&quot;flex&quot;}\" data-core-v316-plus=\"true\">\n\t\t\t\t<\/div>\n\t\t<div class=\"elementor-element elementor-element-55b0f1e5 e-con-full e-flex e-con e-parent\" data-id=\"55b0f1e5\" data-element_type=\"container\" data-settings=\"{&quot;content_width&quot;:&quot;full&quot;,&quot;container_type&quot;:&quot;flex&quot;}\" data-core-v316-plus=\"true\">\n\t\t<div class=\"elementor-element elementor-element-3467452 e-con-full e-flex e-con e-child\" data-id=\"3467452\" data-element_type=\"container\" data-settings=\"{&quot;content_width&quot;:&quot;full&quot;,&quot;container_type&quot;:&quot;flex&quot;}\">\n\t\t\t\t<div class=\"elementor-element elementor-element-546277ea elementor-widget elementor-widget-heading\" data-id=\"546277ea\" data-element_type=\"widget\" data-widget_type=\"heading.default\">\n\t\t\t\t<div class=\"elementor-widget-container\">\n\t\t\t<h2 class=\"elementor-heading-title elementor-size-default\">Opening times<\/h2>\t\t<\/div>\n\t\t\t\t<\/div>\n\t\t\t\t<div class=\"elementor-element elementor-element-e662e48 elementor-widget elementor-widget-image\" data-id=\"e662e48\" data-element_type=\"widget\" data-widget_type=\"image.default\">\n\t\t\t\t<div class=\"elementor-widget-container\">\n\t\t\t<style>\/*! elementor - v3.16.0 - 20-09-2023 *\/\n.elementor-widget-image{text-align:center}.elementor-widget-image a{display:inline-block}.elementor-widget-image a img[src$=\".svg\"]{width:48px}.elementor-widget-image img{vertical-align:middle;display:inline-block}<\/style>\t\t\t\t\t\t\t\t\t\t\t\t<img loading=\"lazy\" decoding=\"async\" width=\"800\" height=\"629\" src=\"https:\/\/museeduski.ch\/wp-content\/uploads\/2025\/01\/Musee-du-Ski2-1024x805.jpg\" class=\"attachment-large size-large wp-image-30906\" alt=\"\" srcset=\"https:\/\/museeduski.ch\/wp-content\/uploads\/2025\/01\/Musee-du-Ski2-1024x805.jpg 1024w, https:\/\/museeduski.ch\/wp-content\/uploads\/2025\/01\/Musee-du-Ski2-300x236.jpg 300w, https:\/\/museeduski.ch\/wp-content\/uploads\/2025\/01\/Musee-du-Ski2-768x604.jpg 768w, https:\/\/museeduski.ch\/wp-content\/uploads\/2025\/01\/Musee-du-Ski2-1536x1208.jpg 1536w, https:\/\/museeduski.ch\/wp-content\/uploads\/2025\/01\/Musee-du-Ski2-2048x1610.jpg 2048w\" sizes=\"auto, (max-width: 800px) 100vw, 800px\" \/>\t\t\t\t\t\t\t\t\t\t\t\t\t\t\t<\/div>\n\t\t\t\t<\/div>\n\t\t\t\t<\/div>\n\t\t<div class=\"elementor-element elementor-element-5859c6d5 e-con-full e-flex e-con e-child\" data-id=\"5859c6d5\" data-element_type=\"container\" data-settings=\"{&quot;content_width&quot;:&quot;full&quot;,&quot;container_type&quot;:&quot;flex&quot;}\">\n\t\t\t\t<div class=\"elementor-element elementor-element-1fabfc0a elementor-widget elementor-widget-text-editor\" data-id=\"1fabfc0a\" data-element_type=\"widget\" data-widget_type=\"text-editor.default\">\n\t\t\t\t<div class=\"elementor-widget-container\">\n\t\t\t\t\t\t\t<p>Monday, Tuesday and Thursday: Closed<br \/>Wednesday and Friday: 2pm &#8211; 5pm<br \/>Saturday and Sunday: 11am &#8211; 6pm<\/p><p>Open on Friday 1st May and Friday 15th May (Ascension weekend).<\/p><p>Out-of-hours tours are available upon request for groups and school trips.<\/p>\t\t\t\t\t\t<\/div>\n\t\t\t\t<\/div>\n\t\t\t\t<div class=\"elementor-element elementor-element-0b7f33d elementor-widget elementor-widget-menu-anchor\" data-id=\"0b7f33d\" data-element_type=\"widget\" data-widget_type=\"menu-anchor.default\">\n\t\t\t\t<div class=\"elementor-widget-container\">\n\t\t\t\t\t<div id=\"tarifs\" class=\"elementor-menu-anchor\"><\/div>\n\t\t\t\t<\/div>\n\t\t\t\t<\/div>\n\t\t\t\t<\/div>\n\t\t\t\t<\/div>\n\t\t<div class=\"elementor-element elementor-element-4f3830a e-con-full e-flex e-con e-parent\" data-id=\"4f3830a\" data-element_type=\"container\" data-settings=\"{&quot;content_width&quot;:&quot;full&quot;,&quot;container_type&quot;:&quot;flex&quot;}\" data-core-v316-plus=\"true\">\n\t\t\t\t<\/div>\n\t\t<div class=\"elementor-element elementor-element-f02ab3c e-con-full e-flex e-con e-parent\" data-id=\"f02ab3c\" data-element_type=\"container\" data-settings=\"{&quot;content_width&quot;:&quot;full&quot;,&quot;container_type&quot;:&quot;flex&quot;}\" data-core-v316-plus=\"true\">\n\t\t<div class=\"elementor-element elementor-element-2f5b9a0 e-con-full e-flex e-con e-child\" data-id=\"2f5b9a0\" data-element_type=\"container\" data-settings=\"{&quot;content_width&quot;:&quot;full&quot;,&quot;container_type&quot;:&quot;flex&quot;}\">\n\t\t\t\t<div class=\"elementor-element elementor-element-967a453 elementor-widget elementor-widget-heading\" data-id=\"967a453\" data-element_type=\"widget\" data-widget_type=\"heading.default\">\n\t\t\t\t<div class=\"elementor-widget-container\">\n\t\t\t<h2 class=\"elementor-heading-title elementor-size-default\">Prices<\/h2>\t\t<\/div>\n\t\t\t\t<\/div>\n\t\t\t\t<div class=\"elementor-element elementor-element-6f8808d elementor-widget elementor-widget-text-editor\" data-id=\"6f8808d\" data-element_type=\"widget\" data-widget_type=\"text-editor.default\">\n\t\t\t\t<div class=\"elementor-widget-container\">\n\t\t\t\t\t\t\t<p>Adults: 12 CHF<br>Concessions: 9 CHF<br>Children aged 12+: 6 CHF<br>Children under 12: Free<br>ICOM members: Free<\/p>\t\t\t\t\t\t<\/div>\n\t\t\t\t<\/div>\n\t\t\t\t<div class=\"elementor-element elementor-element-d40b0aa elementor-widget elementor-widget-image\" data-id=\"d40b0aa\" data-element_type=\"widget\" data-widget_type=\"image.default\">\n\t\t\t\t<div class=\"elementor-widget-container\">\n\t\t\t\t\t\t\t\t\t\t\t\t\t\t\t\t<a href=\"https:\/\/www.museumspass.ch\/fr\/\">\n\t\t\t\t\t\t\t<img loading=\"lazy\" decoding=\"async\" width=\"800\" height=\"169\" src=\"https:\/\/museeduski.ch\/wp-content\/uploads\/2023\/10\/MP_logo-claim2-bunt-1024x216-1.jpg\" class=\"attachment-large size-large wp-image-30765\" alt=\"\" srcset=\"https:\/\/museeduski.ch\/wp-content\/uploads\/2023\/10\/MP_logo-claim2-bunt-1024x216-1.jpg 1024w, https:\/\/museeduski.ch\/wp-content\/uploads\/2023\/10\/MP_logo-claim2-bunt-1024x216-1-300x63.jpg 300w, https:\/\/museeduski.ch\/wp-content\/uploads\/2023\/10\/MP_logo-claim2-bunt-1024x216-1-768x162.jpg 768w\" sizes=\"auto, (max-width: 800px) 100vw, 800px\" \/>\t\t\t\t\t\t\t\t<\/a>\n\t\t\t\t\t\t\t\t\t\t\t\t\t\t\t<\/div>\n\t\t\t\t<\/div>\n\t\t\t\t<\/div>\n\t\t<div class=\"elementor-element elementor-element-60c3e09 e-con-full e-flex e-con e-child\" data-id=\"60c3e09\" data-element_type=\"container\" data-settings=\"{&quot;content_width&quot;:&quot;full&quot;,&quot;container_type&quot;:&quot;flex&quot;}\">\n\t\t\t\t<div class=\"elementor-element elementor-element-c40fbb0 elementor-widget elementor-widget-text-editor\" data-id=\"c40fbb0\" data-element_type=\"widget\" data-widget_type=\"text-editor.default\">\n\t\t\t\t<div class=\"elementor-widget-container\">\n\t\t\t\t\t\t\t<p>We accept cash, credit or debit cards or Twint on site.<\/p>\n<p>Museum admission includes access to the temporary exhibitions.<br \/>\nYou can purchase tickets online by clicking \u2018Book online\u2019 on our website, or at the museum entrance.<\/p>\n<p>You can also purchase gift cards at the museum entrance or by emailing <a href=\"mailto:info@museeduski.ch\">info@museeduski.ch<\/a>.<\/p>\n<p>The exhibition is in French, but translations are available in German and English.<\/p>\n\t\t\t\t\t\t<\/div>\n\t\t\t\t<\/div>\n\t\t\t\t<div class=\"elementor-element elementor-element-9fe14ba elementor-widget elementor-widget-menu-anchor\" data-id=\"9fe14ba\" data-element_type=\"widget\" data-widget_type=\"menu-anchor.default\">\n\t\t\t\t<div class=\"elementor-widget-container\">\n\t\t\t\t\t<div id=\"acces\" class=\"elementor-menu-anchor\"><\/div>\n\t\t\t\t<\/div>\n\t\t\t\t<\/div>\n\t\t\t\t<\/div>\n\t\t\t\t<\/div>\n\t\t<div class=\"elementor-element elementor-element-b81a2d1 e-con-full e-flex e-con e-parent\" data-id=\"b81a2d1\" data-element_type=\"container\" data-settings=\"{&quot;content_width&quot;:&quot;full&quot;,&quot;container_type&quot;:&quot;flex&quot;}\" data-core-v316-plus=\"true\">\n\t\t\t\t<\/div>\n\t\t<div class=\"elementor-element elementor-element-cd244f6 e-con-full e-flex e-con e-parent\" data-id=\"cd244f6\" data-element_type=\"container\" data-settings=\"{&quot;content_width&quot;:&quot;full&quot;,&quot;container_type&quot;:&quot;flex&quot;}\" data-core-v316-plus=\"true\">\n\t\t<div class=\"elementor-element elementor-element-498e84c e-con-full e-flex e-con e-child\" data-id=\"498e84c\" data-element_type=\"container\" data-settings=\"{&quot;content_width&quot;:&quot;full&quot;,&quot;container_type&quot;:&quot;flex&quot;}\">\n\t\t\t\t<div class=\"elementor-element elementor-element-d9aef7c elementor-widget elementor-widget-heading\" data-id=\"d9aef7c\" data-element_type=\"widget\" data-widget_type=\"heading.default\">\n\t\t\t\t<div class=\"elementor-widget-container\">\n\t\t\t<h2 class=\"elementor-heading-title elementor-size-default\">Getting here<\/h2>\t\t<\/div>\n\t\t\t\t<\/div>\n\t\t\t\t<div class=\"elementor-element elementor-element-48e6d47 elementor-widget elementor-widget-text-editor\" data-id=\"48e6d47\" data-element_type=\"widget\" data-widget_type=\"text-editor.default\">\n\t\t\t\t<div class=\"elementor-widget-container\">\n\t\t\t\t\t\t\t<p>The museum is opposite the Le Bo\u00e9chet train station. <\/p>\n\t\t\t\t\t\t<\/div>\n\t\t\t\t<\/div>\n\t\t\t\t<div class=\"elementor-element elementor-element-28dc8ac elementor-widget elementor-widget-text-editor\" data-id=\"28dc8ac\" data-element_type=\"widget\" data-widget_type=\"text-editor.default\">\n\t\t\t\t<div class=\"elementor-widget-container\">\n\t\t\t\t\t\t\t<p>Muse\u0301e du Ski &#8211; Le Boe\u0301chet<br \/>\nLe Boe\u0301chet 12<br \/>\nCH &#8211; 2336 Les Bois<\/p>\n\t\t\t\t\t\t<\/div>\n\t\t\t\t<\/div>\n\t\t\t\t<div class=\"elementor-element elementor-element-8c91160 elementor-widget elementor-widget-text-editor\" data-id=\"8c91160\" data-element_type=\"widget\" data-widget_type=\"text-editor.default\">\n\t\t\t\t<div class=\"elementor-widget-container\">\n\t\t\t\t\t\t\t<p>We recommend you take the train here as there are a limited number of parking spaces.<br \/>There is a charging point for electric vehicles.<br \/>Tourist coach parking available.<br \/>Accessible to disabled visitors.<\/p><p>Assistance dogs are welcome, other animals not allowed<\/p>\t\t\t\t\t\t<\/div>\n\t\t\t\t<\/div>\n\t\t\t\t<\/div>\n\t\t<div class=\"elementor-element elementor-element-c880d98 e-con-full e-flex e-con e-child\" data-id=\"c880d98\" data-element_type=\"container\" data-settings=\"{&quot;content_width&quot;:&quot;full&quot;,&quot;container_type&quot;:&quot;flex&quot;}\">\n\t\t\t\t<div class=\"elementor-element elementor-element-517c4d5 elementor-widget elementor-widget-google_maps\" data-id=\"517c4d5\" data-element_type=\"widget\" data-widget_type=\"google_maps.default\">\n\t\t\t\t<div class=\"elementor-widget-container\">\n\t\t\t<style>\/*! elementor - v3.16.0 - 20-09-2023 *\/\n.elementor-widget-google_maps .elementor-widget-container{overflow:hidden}.elementor-widget-google_maps .elementor-custom-embed{line-height:0}.elementor-widget-google_maps iframe{height:300px}<\/style>\t\t<div class=\"elementor-custom-embed\">\n\t\t\t<iframe loading=\"lazy\"\n\t\t\t\t\tsrc=\"https:\/\/maps.google.com\/maps?q=Mus%C3%A9e%20du%20Ski%20-%20Le%20Bo%C3%A9chet%20Le%20Bo%C3%A9chet%2012%20CH%20-%202336%20Les%20Bois&#038;t=m&#038;z=15&#038;output=embed&#038;iwloc=near\"\n\t\t\t\t\ttitle=\"Mus\u00e9e du Ski - Le Bo\u00e9chet Le Bo\u00e9chet 12 CH - 2336 Les Bois\"\n\t\t\t\t\taria-label=\"Mus\u00e9e du Ski - Le Bo\u00e9chet Le Bo\u00e9chet 12 CH - 2336 Les Bois\"\n\t\t\t><\/iframe>\n\t\t<\/div>\n\t\t\t\t<\/div>\n\t\t\t\t<\/div>\n\t\t\t\t<\/div>\n\t\t\t\t<\/div>\n\t\t<div class=\"elementor-element elementor-element-3df58edd e-flex e-con-boxed e-con e-parent\" data-id=\"3df58edd\" data-element_type=\"container\" data-settings=\"{&quot;container_type&quot;:&quot;flex&quot;,&quot;content_width&quot;:&quot;boxed&quot;}\" data-core-v316-plus=\"true\">\n\t\t\t\t\t<div class=\"e-con-inner\">\n\t\t\t\t\t<\/div>\n\t\t\t\t<\/div>\n\t\t\t\t\t\t\t<\/div>\n\t\t","protected":false},"excerpt":{"rendered":"<p>Contact Opening times Prices Getting here The museum is opposite the Le Bo\u00e9chet train station. Muse\u0301e du Ski &#8211; Le Boe\u0301chet Le Boe\u0301chet 12 CH &#8211; 2336 Les Bois Te\u0301le\u0301phone: +41 32 961 23 36 Email: info@museeduski.ch Opening times Monday, Tuesday and Thursday: ClosedWednesday and Friday: 2pm &#8211; 5pmSaturday and Sunday: 11am &#8211; 6pm Open [&hellip;]<\/p>\n","protected":false},"author":1,"featured_media":0,"parent":0,"menu_order":0,"comment_status":"closed","ping_status":"closed","template":"elementor_header_footer","meta":{"footnotes":""},"class_list":["post-30046","page","type-page","status-publish","hentry"],"acf":[],"_links":{"self":[{"href":"https:\/\/museeduski.ch\/en\/wp-json\/wp\/v2\/pages\/30046","targetHints":{"allow":["GET"]}}],"collection":[{"href":"https:\/\/museeduski.ch\/en\/wp-json\/wp\/v2\/pages"}],"about":[{"href":"https:\/\/museeduski.ch\/en\/wp-json\/wp\/v2\/types\/page"}],"author":[{"embeddable":true,"href":"https:\/\/museeduski.ch\/en\/wp-json\/wp\/v2\/users\/1"}],"replies":[{"embeddable":true,"href":"https:\/\/museeduski.ch\/en\/wp-json\/wp\/v2\/comments?post=30046"}],"version-history":[{"count":68,"href":"https:\/\/museeduski.ch\/en\/wp-json\/wp\/v2\/pages\/30046\/revisions"}],"predecessor-version":[{"id":31229,"href":"https:\/\/museeduski.ch\/en\/wp-json\/wp\/v2\/pages\/30046\/revisions\/31229"}],"wp:attachment":[{"href":"https:\/\/museeduski.ch\/en\/wp-json\/wp\/v2\/media?parent=30046"}],"curies":[{"name":"wp","href":"https:\/\/api.w.org\/{rel}","templated":true}]}}